{"id":1652,"date":"2019-12-17T12:38:00","date_gmt":"2019-12-17T11:38:00","guid":{"rendered":"https:\/\/www.rega-und-partner.de\/?page_id=1652"},"modified":"2020-02-11T10:11:58","modified_gmt":"2020-02-11T09:11:58","slug":"imprint","status":"publish","type":"page","link":"https:\/\/www.rega-und-partner.de\/en\/imprint\/","title":{"rendered":"Imprint"},"content":{"rendered":"\n<div class=\"wp-block-columns has-2-columns impressum-full-block1 is-layout-flex wp-container-core-columns-is-layout-9d6595d7 wp-block-columns-is-layout-flex\">\n<div class=\"wp-block-column impressum-bild-block is-layout-flow wp-block-column-is-layout-flow\"><\/div>\n\n\n\n<div class=\"wp-block-column impressum-text-block1 is-layout-flow wp-block-column-is-layout-flow\">\n<h2 class=\"impressum-heading1 wp-block-heading\">Impressum <\/h2>\n\n\n\n<p class=\"impressum-text1a\">Impressum Verantwortlich im Sinne des Presserechts, des \u00a7 6 des Mediendienste-Staatsvertrages, des Teledienstegesetzes (TDG) und des Teledienst-datenschutzgesetzes (TDDSG): <\/p>\n\n\n\n<p class=\"impressum-text1b\">Alfred Rega + Partner Industriemontagen GmbH <\/p>\n\n\n\n<p class=\"impressum-text1c\">Oldenburger Allee 4 <br>30659 Hannover<\/p>\n\n\n\n<p class=\"impressum-text1c1\">Telefon: +49 511 261446-0<br>Fax: +49 511 261446-20 <\/p>\n\n\n\n<p class=\"impressum-text1d\">GESCH\u00c4FTSF\u00dcHRER: <\/p>\n\n\n\n<p class=\"impressum-text1d1\"><br>Tobias Schmidt-Lippert <\/p>\n\n\n\n<p class=\"impressum-text1e\">GERICHTSSTAND:<\/p>\n\n\n\n<p class=\"impressum-text1e1\"> <br>Hannover <\/p>\n\n\n\n<p class=\"impressum-text1f\">HANDELSREGISTER: <\/p>\n\n\n\n<p class=\"impressum-text1f1\"><br>HRB Nr. 0351 <\/p>\n\n\n\n<p class=\"impressum-text1g\">UMSATZSTEUER &#8211; NR.:<\/p>\n\n\n\n<p class=\"impressum-text1g1\"><br> 25\/210702660<\/p>\n\n\n\n<p class=\"impressum-text1h\">GESTALTUNG, REALISIERUNG:<br> <\/p>\n\n\n\n<p class=\"impressum-text1i\">13 Agentur f\u00fcr Werbung<br> und Kommunikation GmbH <br>Werbeagentur Hannover <\/p>\n\n\n\n<p class=\"impressum-text1j\">Vahrenwalder Stra\u00dfe 263 <br>30179 Hannover <\/p>\n\n\n\n<p class=\"impressum-text1j1\">Telefon: +49 511 96844\u2013130 <br>Telefax: +49 511 632101 <\/p>\n\n\n\n<p class=\"impressum-textk\">E-Mail: <a href=\"http:\/\/info@13agentur.de \">info@13agentur.de <\/a><\/p>\n<\/div>\n<\/div>\n\n\n\n<div class=\"wp-block-columns has-2-columns impressum-full-block2 is-layout-flex wp-container-core-columns-is-layout-9d6595d7 wp-block-columns-is-layout-flex\">\n<div class=\"wp-block-column impressum-text-block2 is-layout-flow wp-block-column-is-layout-flow\">\n<h2 class=\"impressum-heading2 wp-block-heading\">Haftungsausschluss<\/h2>\n\n\n\n<p class=\"impressum-text2a\">Haftung f\u00fcr Inhalte <\/p>\n\n\n\n<p class=\"impressum-text2b\">Die Inhalte unserer Seiten wurden mit gr\u00f6\u00dfter Sorgfalt erstellt. F\u00fcr die Richtigkeit, Vollst\u00e4ndigkeit und Aktualit\u00e4t der Inhalte k\u00f6nnen wir jedoch keine Gew\u00e4hr \u00fcbernehmen. Als Diensteanbieter sind wir gem\u00e4\u00df \u00a7 7 Abs.1 TMG f\u00fcr eigene Inhalte auf diesen Seiten nach den allgemeinen Gesetzen verantwortlich. Nach \u00a7\u00a7 8 bis 10 TMG sind wir als Diensteanbieter jedoch nicht verpflichtet, \u00fcbermittelte oder gespeicherte fremde Informationen zu \u00fcberwachen oder nach Umst\u00e4nden zu forschen, die auf eine rechtswidrige T\u00e4tigkeit hinweisen. Verpflichtungen zur Entfernung oder Sperrung der Nutzung von Informationen nach den allgemeinen Gesetzen bleiben hiervon unber\u00fchrt. Eine diesbez\u00fcgliche Haftung ist jedoch erst ab dem Zeitpunkt der Kenntnis einer konkreten Rechtsverletzung m\u00f6glich. Bei Bekanntwerden von entsprechenden Rechtsverletzungen werden wir diese Inhalte umgehend entfernen.<\/p>\n\n\n\n<p class=\"impressum-text2c\"> Haftung f\u00fcr Links <\/p>\n\n\n\n<p class=\"impressum-text2d\">Unser Angebot enth\u00e4lt Links zu externen Webseiten Dritter, auf deren Inhalte wir keinen Einfluss haben. Deshalb k\u00f6nnen wir f\u00fcr diese fremden Inhalte auch keine Gew\u00e4hr \u00fcbernehmen. F\u00fcr die Inhalte der verlinkten Seiten ist stets der jeweilige Anbieter oder Betreiber der Seiten verantwortlich. Die verlinkten Seiten wurden zum Zeitpunkt der Verlinkung auf m\u00f6gliche Rechtsverst\u00f6\u00dfe \u00fcberpr\u00fcft. Rechtswidrige Inhalte waren zum Zeitpunkt der Verlinkung nicht erkennbar. Eine permanente inhaltliche Kontrolle der verlinkten Seiten ist jedoch ohne konkrete Anhaltspunkte einer Rechtsverletzung nicht zumutbar. Bei Bekanntwerden von Rechtsverletzungen werden wir derartige Links umgehend entfernen. <\/p>\n\n\n\n<p class=\"impressum-text2e\">Urheberrecht <\/p>\n\n\n\n<p class=\"impressum-text2f\">Die durch die Seitenbetreiber erstellten Inhalte und Werke auf diesen Seiten unterliegen dem deutschen Urheberrecht. Die Vervielf\u00e4ltigung, Bearbeitung, Verbreitung und jede Art der Verwertung au\u00dferhalb der Grenzen des Urheberrechtes bed\u00fcrfen der schriftlichen Zustimmung des jeweiligen Autors bzw. Erstellers. Downloads und Kopien dieser Seite sind nur f\u00fcr den privaten, nicht kommerziellen Gebrauch gestattet. Soweit die Inhalte auf dieser Seite nicht vom Betreiber erstellt wurden, werden die Urheberrechte Dritter beachtet. Insbesondere werden Inhalte Dritter als solche gekennzeichnet. Sollten Sie trotzdem auf eine Urheberrechtsverletzung aufmerksam werden, bitten wir um einen entsprechenden Hinweis. Bei Bekanntwerden von Rechtsverletzungen werden wir derartige Inhalte umgehend entfernen.<\/p>\n<\/div>\n\n\n\n<div class=\"wp-block-column impressum-text-block3 is-layout-flow wp-block-column-is-layout-flow\">\n<h2 class=\"wp-block-heading\">g bhth nh nh<\/h2>\n\n\n\n<p><\/p>\n<\/div>\n<\/div>\n\n\n\n<div style=\"height:100px\" aria-hidden=\"true\" class=\"wp-block-spacer impressum-seperator\"><\/div>\n","protected":false},"excerpt":{"rendered":"<p>Impressum Impressum Verantwortlich im Sinne des Presserechts, des \u00a7 6 des Mediendienste-Staatsvertrages, des Teledienstegesetzes (TDG) und des Teledienst-datenschutzgesetzes (TDDSG): Alfred Rega + Partner Industriemontagen GmbH Oldenburger Allee 4 30659 Hannover Telefon: +49 511 261446-0Fax: +49 511 261446-20 GESCH\u00c4FTSF\u00dcHRER: Tobias Schmidt-Lippert GERICHTSSTAND: Hannover HANDELSREGISTER: HRB Nr. 0351 UMSATZSTEUER &#8211; NR.: 25\/210702660 GESTALTUNG, REALISIERUNG: 13 Agentur f\u00fcr [&hellip;]<\/p>\n","protected":false},"author":3,"featured_media":0,"parent":0,"menu_order":7,"comment_status":"closed","ping_status":"closed","template":"","meta":{"_acf_changed":false,"footnotes":""},"class_list":["post-1652","page","type-page","status-publish","hentry"],"acf":[],"_links":{"self":[{"href":"https:\/\/www.rega-und-partner.de\/en\/wp-json\/wp\/v2\/pages\/1652","targetHints":{"allow":["GET"]}}],"collection":[{"href":"https:\/\/www.rega-und-partner.de\/en\/wp-json\/wp\/v2\/pages"}],"about":[{"href":"https:\/\/www.rega-und-partner.de\/en\/wp-json\/wp\/v2\/types\/page"}],"author":[{"embeddable":true,"href":"https:\/\/www.rega-und-partner.de\/en\/wp-json\/wp\/v2\/users\/3"}],"replies":[{"embeddable":true,"href":"https:\/\/www.rega-und-partner.de\/en\/wp-json\/wp\/v2\/comments?post=1652"}],"version-history":[{"count":5,"href":"https:\/\/www.rega-und-partner.de\/en\/wp-json\/wp\/v2\/pages\/1652\/revisions"}],"predecessor-version":[{"id":1691,"href":"https:\/\/www.rega-und-partner.de\/en\/wp-json\/wp\/v2\/pages\/1652\/revisions\/1691"}],"wp:attachment":[{"href":"https:\/\/www.rega-und-partner.de\/en\/wp-json\/wp\/v2\/media?parent=1652"}],"curies":[{"name":"wp","href":"https:\/\/api.w.org\/{rel}","templated":true}]}}